{"id":1222,"date":"2021-05-30T14:08:16","date_gmt":"2021-05-30T13:08:16","guid":{"rendered":"https:\/\/clinic.wordifysites.com\/?page_id=2"},"modified":"2026-04-17T07:38:17","modified_gmt":"2026-04-17T04:38:17","slug":"home","status":"publish","type":"page","link":"https:\/\/duraklarasm.com\/","title":{"rendered":"Ana Sayfa"},"content":{"rendered":"\n<section class=\"gb-element-c27045f5\">\n<div class=\"gb-element-ea507dc6\">\n<div class=\"gb-element-8582ca42\">\n<p class=\"gb-text-206634fc\"><span class=\"gb-shape\"><svg aria-hidden=\"true\" role=\"img\" height=\"1em\" width=\"1em\" viewBox=\"0 0 512 512\" xmlns=\"http:\/\/www.w3.org\/2000\/svg\"><path fill=\"currentColor\" d=\"M462.3 62.6C407.5 15.9 326 24.3 275.7 76.2L256 96.5l-19.7-20.3C186.1 24.3 104.5 15.9 49.7 62.6c-62.8 53.6-66.1 149.8-9.9 207.9l193.5 199.8c12.5 12.9 32.8 12.9 45.3 0l193.5-199.8c56.3-58.1 53-154.3-9.8-207.9z\"><\/path><\/svg><\/span><span class=\"gb-text\">Sa\u011fl\u0131\u011f\u0131n\u0131z bizim \u00f6nceli\u011fimizdir<\/span><\/p>\n\n\n\n<h2 class=\"gb-text gb-text-0e16b4ae\">Sa\u011fl\u0131\u011f\u0131n\u0131zla ilgili konular\u0131 doktorlar\u0131m\u0131za dan\u0131\u015f\u0131n.<\/h2>\n\n\n\n<p class=\"gb-text gb-text-2a45d16a\">Hayat\u0131n\u0131z\u0131n her a\u015famas\u0131nda sizin yan\u0131n\u0131zda olmak istiyoruz. Bu s\u00fcre\u00e7te verdi\u011fimiz ba\u015fl\u0131ca hizmetler \u015funlard\u0131r:<\/p>\n\n\n\n<div class=\"gb-element-0f5507fa\">\n<div class=\"gb-element-d7e426e0\">\n<div class=\"gb-text-8f6aa57f\"><span class=\"gb-shape\"><svg fill=\"CurrentColor\" viewBox=\"0 0 31.793 31.793\" xmlns=\"http:\/\/www.w3.org\/2000\/svg\"><path d=\"M11.701 18.31a8.944 8.944 0 0 1-.529-3.056c0-.887.127-1.751.374-2.581a8.861 8.861 0 0 1 .859-1.969c.385-.65.85-1.257 1.398-1.804a8.926 8.926 0 0 1 6.355-2.633c.514 0 1.021.045 1.523.129a6.232 6.232 0 0 0-4.052-1.494 6.23 6.23 0 0 0-5.693 3.692A6.24 6.24 0 0 0 0 11.142v.628s.002 6.143 11.858 12.32c0 0 2.116-1.065 2.969-1.596a9.195 9.195 0 0 1-1.024-.886 8.93 8.93 0 0 1-2.102-3.298zM6.418 6.278a1.022 1.022 0 1 1 0 2.045 1.021 1.021 0 1 1 0-2.045zm-3.202 7.66a1.066 1.066 0 0 1-1.312-.742 6.699 6.699 0 0 1-.256-1.579c-.097-2.521 1.457-3.763 1.535-3.825a1.07 1.07 0 0 1 1.323 1.679c-.056.047-.727.653-.722 1.948.001.349.051.751.178 1.205a1.069 1.069 0 0 1-.746 1.314z\"><\/path><path d=\"M19.725 18.306c-1.979-.358-2.475-2.267-2.494-2.355a.76.76 0 0 0-.914-.562.76.76 0 0 0-.568.915c.028.123.727 2.962 3.704 3.502a.764.764 0 0 0 .889-.613.766.766 0 0 0-.617-.887z\"><\/path><path d=\"m31.438 23.305-2.906-2.906a1.143 1.143 0 0 0-1.614 0v.001l-.791-.791c2.108-2.886 1.86-6.97-.744-9.574a7.336 7.336 0 0 0-5.223-2.164 7.328 7.328 0 0 0-5.223 2.164 7.328 7.328 0 0 0-2.162 5.221 7.329 7.329 0 0 0 2.162 5.223 7.334 7.334 0 0 0 5.223 2.164 7.336 7.336 0 0 0 4.354-1.419l.786.79a1.147 1.147 0 0 0 0 1.613l2.906 2.906a1.22 1.22 0 0 0 1.723 0l1.508-1.507a1.22 1.22 0 0 0 .001-1.721zm-7.672-4.444a5.078 5.078 0 0 1-3.606 1.494 5.073 5.073 0 0 1-3.609-1.494 5.078 5.078 0 0 1-1.49-3.605 5.085 5.085 0 0 1 1.49-3.607c.054-.052.104-.102.156-.15a5.08 5.08 0 0 1 3.452-1.345 5.071 5.071 0 0 1 4.128 2.109 5.107 5.107 0 0 1-.521 6.598z\"><\/path><path d=\"M16.646 14.59a.746.746 0 1 0 .004-1.492.746.746 0 0 0-.004 1.492z\"><\/path><\/svg><\/span><\/div>\n\n\n\n<div class=\"gb-element-0d589a46\">\n<h3 class=\"gb-text gb-text-1366af1d\">Poliklinik Muayenesi<\/h3>\n\n\n\n<p class=\"gb-text gb-text-0bca375c\">ASM\u2019 mizde birinci basamak muayene hizmetleri verilmektedir.<\/p>\n<\/div>\n<\/div>\n\n\n\n<div class=\"gb-element-f06500ec\">\n<div class=\"gb-text-4d36397d\"><span class=\"gb-shape\"><svg fill=\"CurrentColor\" xmlns=\"http:\/\/www.w3.org\/2000\/svg\" viewBox=\"0 0 179.709 179.709\"><path d=\"M149.323 17.905h-20.039v-2.849a7.5 7.5 0 0 0-7.5-7.5h-6.195V7.5a7.5 7.5 0 0 0-7.5-7.5H71.227a7.5 7.5 0 0 0-7.5 7.5v.057h-6.189a7.5 7.5 0 0 0-7.5 7.5v2.849H30.386a7.5 7.5 0 0 0-7.5 7.5V172.21a7.5 7.5 0 0 0 7.5 7.5h118.938a7.5 7.5 0 0 0 7.5-7.5V25.405a7.501 7.501 0 0 0-7.501-7.5zm-84.285 4.652h6.189a7.5 7.5 0 0 0 7.5-7.5V15h21.861v.057a7.5 7.5 0 0 0 7.5 7.5h6.195v15.96H65.038v-15.96zm76.785 142.152H37.886V32.905h12.152v13.111a7.5 7.5 0 0 0 7.5 7.5h64.246a7.5 7.5 0 0 0 7.5-7.5V32.905h12.539v131.804z\"><\/path><path d=\"M118.993 72.892H60.716a7.5 7.5 0 0 0-7.5 7.5 7.5 7.5 0 0 0 7.5 7.5h58.277a7.5 7.5 0 0 0 7.5-7.5c0-4.143-3.357-7.5-7.5-7.5zM118.993 99.783H60.716a7.5 7.5 0 0 0-7.5 7.5 7.5 7.5 0 0 0 7.5 7.5h58.277a7.5 7.5 0 0 0 7.5-7.5 7.5 7.5 0 0 0-7.5-7.5zM118.993 126.681H60.716a7.5 7.5 0 0 0-7.5 7.5c0 4.143 3.357 7.5 7.5 7.5h58.277c4.143 0 7.5-3.357 7.5-7.5a7.5 7.5 0 0 0-7.5-7.5z\"><\/path><\/svg><\/span><\/div>\n\n\n\n<div class=\"gb-element-ddb00922\">\n<h3 class=\"gb-text gb-text-83687aaa\">Laboratuvar Tetkikleri<\/h3>\n\n\n\n<p class=\"gb-text gb-text-0838604a\">Tetkikler Halk Sa\u011fl\u0131\u011f\u0131 Merkez Laboratuvar\u0131nda \u00e7al\u0131\u015f\u0131lmaktad\u0131r.<\/p>\n<\/div>\n<\/div>\n\n\n\n<div class=\"gb-element-a5c37a4d\">\n<div class=\"gb-text-6a5f01aa\"><span class=\"gb-shape\"><svg fill=\"CurrentColor\" xmlns=\"http:\/\/www.w3.org\/2000\/svg\" viewBox=\"0 0 489.7 489.7\"><path d=\"m311.9 234.8-68.4 118.9-66.1-118.9c-52.1 14-87.9 48.2-87.9 109.6v104.2c96.4 54.8 214.2 54.8 310.7 0V344.5c-.5-61.4-36.2-95.7-88.3-109.7zM183.2 349.2h-8.9v8.9c0 7.7-6.3 14-14 14s-14-6.3-14-14v-8.9h-8.9c-7.7 0-14-6.3-14-14s6.3-14 14-14h8.9v-8.9c0-7.7 6.3-14 14-14s14 6.3 14 14v8.9h8.9c7.7 0 14 6.3 14 14s-6.3 14-14 14zM143.1 107.3c0-38.1 13.6-72.3 35-95.6-5.1 2.3-48 13.9-42 86.7-2.3 28.4-7.8 60.7-33 75.8 20.2 13.2 44.3 20.2 68.4 20.6-17.9-22.6-28.4-53.7-28.4-87.5zM328.2 182c19.8-1.6 39.7-5.8 57.9-12.8-.8-3.5-3.5-6.6-5.8-9.3-26.4-32.3-12.4-82-34.6-117.4-7.4-11.7-18.3-20.6-30.3-27.2 19.8 23.3 32.3 56 32.3 92.1-.1 27.9-7.4 53.6-19.5 74.6z\"><\/path><path d=\"M197.2 219.3v14.8l46.3 80.1 48.6-84v-10.1c-14 8.9-29.9 14-47 14-17.2.4-33.5-5.1-47.9-14.8zM327.8 107.3c0-5.8-.4-12.1-1.2-17.5-22.6-.4-43.9-17.5-55.6-28.4-25.7 31.9-85.9 42-108.5 44.7v1.2c0 59.1 36.9 107.3 82.4 107.3 46 0 82.9-47.8 82.9-107.3z\"><\/path><path d=\"M260.5 41.2c1.6-3.1 8.7-10.2 16.7-2.3 7 8.6 26.8 27.2 45.5 30.7C310.6 28.8 280.7 0 245.3 0c-40 0-73.5 36.9-80.9 85.9 30-3.9 83.3-16.7 96.1-44.7z\"><\/path><\/svg><\/span><\/div>\n\n\n<div class=\"gb-container gb-container-87c9c555\">\n\n<h3 class=\"gb-text gb-text-e81bbeb0\">\u0130zlemler<\/h3>\n\n\n\n<p class=\"gb-text gb-text-fb21f8a7\">ASM\u2019 mizde gebe, bebek, \u00e7ocuk vb. izlemleri yap\u0131lmaktad\u0131r.<\/p>\n\n<\/div><\/div>\n\n\n\n<div class=\"gb-element-9fc69d59\">\n<div class=\"gb-text-41fd8b05\"><span class=\"gb-shape\"><svg fill=\"CurrentColor\" viewBox=\"0 0 330.001 330.001\" xmlns=\"http:\/\/www.w3.org\/2000\/svg\"><path d=\"M173.871 177.097a14.982 14.982 0 0 1-8.87 2.903 14.98 14.98 0 0 1-8.871-2.903L30 84.602.001 62.603 0 275.001c.001 8.284 6.716 15 15 15L315.001 290c8.285 0 15-6.716 15-14.999V62.602l-30.001 22-126.129 92.495z\"><\/path><path d=\"M165.001 146.4 310.087 40.001 19.911 40z\"><\/path><\/svg><\/span><\/div>\n\n\n<div class=\"gb-container gb-container-7f923a99\">\n\n<h3 class=\"gb-text gb-text-5be22f89\">Halk E\u011fitimleri<\/h3>\n\n\n\n<p class=\"gb-text gb-text-4742c94d\">A\u00c7S-AP, gebelik, hijyen vb. konular\u0131nda e\u011fitim verilmektedir.<\/p>\n\n<\/div><\/div>\n<\/div>\n\n\n\n<a class=\"gb-text gb-text-bd49d806\" href=\"#\">T\u00fcm Hizmetlerimiz Hakk\u0131nda Detayl\u0131 Bilgi Edinin<\/a>\n<\/div>\n\n\n\n<div class=\"gb-element-6ef457c8\">\n<img loading=\"lazy\" decoding=\"async\" width=\"720\" height=\"1024\" class=\"gb-media-96154536\" src=\"https:\/\/sites.generatepress.com\/clinic\/wp-content\/uploads\/sites\/114\/2022\/02\/bermix-studio-b8mwvvFs8Ak-unsplash-720x1024.png\" srcset=\"https:\/\/duraklarasm.com\/wp-content\/uploads\/2022\/02\/bermix-studio-b8mwvvFs8Ak-unsplash-720x1024.png 720w, https:\/\/duraklarasm.com\/wp-content\/uploads\/2022\/02\/bermix-studio-b8mwvvFs8Ak-unsplash-211x300.png 211w, https:\/\/duraklarasm.com\/wp-content\/uploads\/2022\/02\/bermix-studio-b8mwvvFs8Ak-unsplash-768x1093.png 768w, https:\/\/duraklarasm.com\/wp-content\/uploads\/2022\/02\/bermix-studio-b8mwvvFs8Ak-unsplash.png 806w\" sizes=\"auto, (max-width: 720px) 100vw, 720px\" \/>\n<\/div>\n<\/div>\n<\/section>\n\n\n\n<section class=\"gb-element-85dddde9\">\n<div class=\"gb-element-8f3da60d\">\n<img loading=\"lazy\" decoding=\"async\" width=\"1024\" height=\"697\" class=\"gb-media-902e7dc7\" src=\"https:\/\/sites.generatepress.com\/clinic\/wp-content\/uploads\/sites\/114\/2022\/02\/martha-dominguez-de-gouveia-nMyM7fxpokE-unsplash-1024x697.jpg\" srcset=\"https:\/\/duraklarasm.com\/wp-content\/uploads\/2022\/02\/martha-dominguez-de-gouveia-nMyM7fxpokE-unsplash-1024x697.jpg 1024w, https:\/\/duraklarasm.com\/wp-content\/uploads\/2022\/02\/martha-dominguez-de-gouveia-nMyM7fxpokE-unsplash-300x204.jpg 300w, https:\/\/duraklarasm.com\/wp-content\/uploads\/2022\/02\/martha-dominguez-de-gouveia-nMyM7fxpokE-unsplash-768x523.jpg 768w, https:\/\/duraklarasm.com\/wp-content\/uploads\/2022\/02\/martha-dominguez-de-gouveia-nMyM7fxpokE-unsplash-1536x1046.jpg 1536w, https:\/\/duraklarasm.com\/wp-content\/uploads\/2022\/02\/martha-dominguez-de-gouveia-nMyM7fxpokE-unsplash.jpg 1920w\" sizes=\"auto, (max-width: 1024px) 100vw, 1024px\" \/>\n<\/div>\n\n\n\n<div class=\"gb-element-8011191f\">\n<h2 class=\"gb-text gb-text-96e6db8a\">Klini\u011fimize ho\u015f geldiniz<\/h2>\n\n\n\n<p>Sevgi dolu bir sa\u011fl\u0131k deneyimi i\u00e7in do\u011fru yerdesiniz. D\u00fczce&#8217;nin kalbinde, sa\u011fl\u0131k hizmetlerinde \u00f6nc\u00fc olan Aile Sa\u011fl\u0131\u011f\u0131 Merkezimizde sizi kar\u015f\u0131lamaktan mutluluk duyuyoruz.<\/p>\n\n\n\n<div class=\"gb-element-1ae4ff79\">\n<div class=\"gb-element-652b4109\">\n<h3 class=\"gb-text-adc25748\"><span class=\"gb-shape\"><svg fill=\"CurrentColor\" viewBox=\"0 0 16 16\" class=\"bi bi-check2-square\" height=\"16\" width=\"16\" xmlns=\"http:\/\/www.w3.org\/2000\/svg\">   <path d=\"M3 14.5A1.5 1.5 0 0 1 1.5 13V3A1.5 1.5 0 0 1 3 1.5h8a.5.5 0 0 1 0 1H3a.5.5 0 0 0-.5.5v10a.5.5 0 0 0 .5.5h10a.5.5 0 0 0 .5-.5V8a.5.5 0 0 1 1 0v5a1.5 1.5 0 0 1-1.5 1.5H3z\"><\/path>   <path d=\"m8.354 10.354 7-7a.5.5 0 0 0-.708-.708L8 9.293 5.354 6.646a.5.5 0 1 0-.708.708l3 3a.5.5 0 0 0 .708 0z\"><\/path> <\/svg><\/span><span class=\"gb-text\">Deneyimli ve \u0130yi E\u011fitimli Doktorlar\u0131m\u0131z<\/span><\/h3>\n\n\n\n<h6 class=\"gb-text-e2d874cd\"><span class=\"gb-shape\"><svg fill=\"CurrentColor\" viewBox=\"0 0 16 16\" class=\"bi bi-check2-square\" height=\"16\" width=\"16\" xmlns=\"http:\/\/www.w3.org\/2000\/svg\">   <path d=\"M3 14.5A1.5 1.5 0 0 1 1.5 13V3A1.5 1.5 0 0 1 3 1.5h8a.5.5 0 0 1 0 1H3a.5.5 0 0 0-.5.5v10a.5.5 0 0 0 .5.5h10a.5.5 0 0 0 .5-.5V8a.5.5 0 0 1 1 0v5a1.5 1.5 0 0 1-1.5 1.5H3z\"><\/path>   <path d=\"m8.354 10.354 7-7a.5.5 0 0 0-.708-.708L8 9.293 5.354 6.646a.5.5 0 1 0-.708.708l3 3a.5.5 0 0 0 .708 0z\"><\/path> <\/svg><\/span><span class=\"gb-text\">G\u00fcler Y\u00fczl\u00fc ve \u0130lgi Dolu Personelimiz<\/span><\/h6>\n\n\n\n<h6 class=\"gb-text-6acd6b98\"><span class=\"gb-shape\"><svg fill=\"CurrentColor\" viewBox=\"0 0 16 16\" class=\"bi bi-check2-square\" height=\"16\" width=\"16\" xmlns=\"http:\/\/www.w3.org\/2000\/svg\">   <path d=\"M3 14.5A1.5 1.5 0 0 1 1.5 13V3A1.5 1.5 0 0 1 3 1.5h8a.5.5 0 0 1 0 1H3a.5.5 0 0 0-.5.5v10a.5.5 0 0 0 .5.5h10a.5.5 0 0 0 .5-.5V8a.5.5 0 0 1 1 0v5a1.5 1.5 0 0 1-1.5 1.5H3z\"><\/path>   <path d=\"m8.354 10.354 7-7a.5.5 0 0 0-.708-.708L8 9.293 5.354 6.646a.5.5 0 1 0-.708.708l3 3a.5.5 0 0 0 .708 0z\"><\/path> <\/svg><\/span><span class=\"gb-text\">Modern ve G\u00fcvenli T\u0131bbi Donan\u0131m\u0131m\u0131z<\/span><\/h6>\n<\/div>\n\n\n\n<div class=\"gb-element-b54c4fc2\">\n<h6 class=\"gb-text-d1ff15ab\"><span class=\"gb-shape\"><svg fill=\"CurrentColor\" viewBox=\"0 0 16 16\" class=\"bi bi-check2-square\" height=\"16\" width=\"16\" xmlns=\"http:\/\/www.w3.org\/2000\/svg\">   <path d=\"M3 14.5A1.5 1.5 0 0 1 1.5 13V3A1.5 1.5 0 0 1 3 1.5h8a.5.5 0 0 1 0 1H3a.5.5 0 0 0-.5.5v10a.5.5 0 0 0 .5.5h10a.5.5 0 0 0 .5-.5V8a.5.5 0 0 1 1 0v5a1.5 1.5 0 0 1-1.5 1.5H3z\"><\/path>   <path d=\"m8.354 10.354 7-7a.5.5 0 0 0-.708-.708L8 9.293 5.354 6.646a.5.5 0 1 0-.708.708l3 3a.5.5 0 0 0 .708 0z\"><\/path> <\/svg><\/span><span class=\"gb-text\">Hasta Memnuniyeti Odakl\u0131 Hizmet Anlay\u0131\u015f\u0131<\/span><\/h6>\n\n\n\n<h6 class=\"gb-text-bfc10b65\"><span class=\"gb-shape\"><svg fill=\"CurrentColor\" viewBox=\"0 0 16 16\" class=\"bi bi-check2-square\" height=\"16\" width=\"16\" xmlns=\"http:\/\/www.w3.org\/2000\/svg\">   <path d=\"M3 14.5A1.5 1.5 0 0 1 1.5 13V3A1.5 1.5 0 0 1 3 1.5h8a.5.5 0 0 1 0 1H3a.5.5 0 0 0-.5.5v10a.5.5 0 0 0 .5.5h10a.5.5 0 0 0 .5-.5V8a.5.5 0 0 1 1 0v5a1.5 1.5 0 0 1-1.5 1.5H3z\"><\/path>   <path d=\"m8.354 10.354 7-7a.5.5 0 0 0-.708-.708L8 9.293 5.354 6.646a.5.5 0 1 0-.708.708l3 3a.5.5 0 0 0 .708 0z\"><\/path> <\/svg><\/span><span class=\"gb-text\">Kolay Randevu Sistemi ve Esnek \u00c7al\u0131\u015fma Saatleri<\/span><\/h6>\n\n\n\n<h6 class=\"gb-text-620ebaec\"><span class=\"gb-shape\"><svg fill=\"CurrentColor\" viewBox=\"0 0 16 16\" class=\"bi bi-check2-square\" height=\"16\" width=\"16\" xmlns=\"http:\/\/www.w3.org\/2000\/svg\">   <path d=\"M3 14.5A1.5 1.5 0 0 1 1.5 13V3A1.5 1.5 0 0 1 3 1.5h8a.5.5 0 0 1 0 1H3a.5.5 0 0 0-.5.5v10a.5.5 0 0 0 .5.5h10a.5.5 0 0 0 .5-.5V8a.5.5 0 0 1 1 0v5a1.5 1.5 0 0 1-1.5 1.5H3z\"><\/path>   <path d=\"m8.354 10.354 7-7a.5.5 0 0 0-.708-.708L8 9.293 5.354 6.646a.5.5 0 1 0-.708.708l3 3a.5.5 0 0 0 .708 0z\"><\/path> <\/svg><\/span><span class=\"gb-text\">Tedavi S\u00fcrecindeki Ad\u0131mlar\u0131 A\u00e7\u0131k\u00e7a Anlatan Hasta Rehberli\u011fi<\/span><\/h6>\n<\/div>\n<\/div>\n\n\n\n<a class=\"gb-text-91e83cee smooth-scroll\" href=\"#\"><span class=\"gb-text\">Daha Fazla Bilgi Edinin<\/span><span class=\"gb-shape\"><svg viewBox=\"0 0 16 16\" class=\"bi bi-arrow-right\" height=\"16\" width=\"16\" xmlns=\"http:\/\/www.w3.org\/2000\/svg\">   <path d=\"M1 8a.5.5 0 0 1 .5-.5h11.793l-3.147-3.146a.5.5 0 0 1 .708-.708l4 4a.5.5 0 0 1 0 .708l-4 4a.5.5 0 0 1-.708-.708L13.293 8.5H1.5A.5.5 0 0 1 1 8z\"><\/path> <\/svg><\/span><\/a>\n<\/div>\n<\/section>\n\n\n\n<div class=\"gb-element-0e4e8ef5\">\n<div class=\"gb-element-6675cfa4\">\n<h2 class=\"gb-text gb-text-d33bbd57\">1<\/h2>\n\n\n\n<p class=\"gb-text gb-text-00a0ea6a\">Hem\u015fire<\/p>\n<\/div>\n\n\n\n<div class=\"gb-element-dd28ecb5\">\n<h2 class=\"gb-text gb-text-7f550aa1\">1<\/h2>\n\n\n\n<p class=\"gb-text gb-text-ced21230\">Aile Hekimi<\/p>\n<\/div>\n\n\n\n<div class=\"gb-element-2e750e9e\">\n<h2 class=\"gb-text gb-text-028ce087\">3000<\/h2>\n\n\n\n<p class=\"gb-text gb-text-0233f540\">Mutlu Hasta<\/p>\n<\/div>\n<\/div>\n\n\n\n<section class=\"gb-element-f277b32f\">\n<h2 class=\"gb-text gb-text-d776b4b6\">Doktorlar\u0131m\u0131z ve Ekip Arkada\u015flar\u0131m\u0131z<\/h2>\n\n\n\n<p class=\"gb-text gb-text-dbd69b46\">Bizi Daha yak\u0131ndan tan\u0131y\u0131n<\/p>\n\n\n\n<div class=\"gb-element-87c9dbd8\">\n<div class=\"gb-element-84fdce44\">\n<h3 class=\"gb-text gb-text-72592780\">Dr. Emre DEM\u0130R<\/h3>\n\n\n\n<p class=\"gb-text gb-text-82d89a79\">Aile Hekimi \/ 81.01.041 No&#8217;lu Aile Hekimli\u011fi Birimi<\/p>\n\n\n\n<div class=\"gb-element-cf2fbd80\"><\/div>\n<\/div>\n<\/div>\n<\/section>\n\n\n\n<section class=\"gb-element-01108706\">\n<h2 class=\"gb-text gb-text-245b3a37\">Son Blog Yaz\u0131lar\u0131m\u0131z<\/h2>\n\n\n\n<p class=\"gb-text gb-text-01e5b49c\">Nunc euismod suscipit scelerisque. Praesent semper suscipit augue eu vestibulum. Vivamus maximus diam quis lobortis auctor.<\/p>\n\n\n\n<div><div class=\"gb-looper-cb058135\">\n<article class=\"gb-loop-item gb-loop-item-9c40ae42 post-1 post type-post status-publish format-standard hentry category-genel generate-columns tablet-grid-50 mobile-grid-100 grid-parent grid-50\">\n\n\n<h3 class=\"gb-text gb-text-d7828b32\"><a href=\"https:\/\/duraklarasm.com\/index.php\/2026\/04\/14\/merhaba-dunya\/\">\u00c7al\u0131\u015fma Saatlerimiz<\/a><\/h3>\n\n\n\n<p class=\"gb-text gb-text-429ef938\">14 Nisan 2026<\/p>\n<\/article>\n\n<article class=\"gb-loop-item gb-loop-item-9c40ae42 post-503 post type-post status-publish format-standard has-post-thumbnail hentry category-uncategorised generate-columns tablet-grid-50 mobile-grid-100 grid-parent grid-50\">\n<a href=\"https:\/\/duraklarasm.com\/index.php\/2022\/02\/14\/what-you-should-know-about-your-childs-vaccine\/\"><img loading=\"lazy\" decoding=\"async\" width=\"1920\" height=\"1280\" alt=\"\" data-media-id=\"506\" class=\"gb-media-bab00d73\" src=\"https:\/\/duraklarasm.com\/wp-content\/uploads\/2022\/02\/larm-rmah-AEaTUnvneik-unsplash_1.jpg\" srcset=\"https:\/\/duraklarasm.com\/wp-content\/uploads\/2022\/02\/larm-rmah-AEaTUnvneik-unsplash_1.jpg 1920w, https:\/\/duraklarasm.com\/wp-content\/uploads\/2022\/02\/larm-rmah-AEaTUnvneik-unsplash_1-300x200.jpg 300w, https:\/\/duraklarasm.com\/wp-content\/uploads\/2022\/02\/larm-rmah-AEaTUnvneik-unsplash_1-1024x683.jpg 1024w, https:\/\/duraklarasm.com\/wp-content\/uploads\/2022\/02\/larm-rmah-AEaTUnvneik-unsplash_1-768x512.jpg 768w, https:\/\/duraklarasm.com\/wp-content\/uploads\/2022\/02\/larm-rmah-AEaTUnvneik-unsplash_1-1536x1024.jpg 1536w\" sizes=\"auto, (max-width: 1920px) 100vw, 1920px\" \/><\/a>\n\n\n\n<h3 class=\"gb-text gb-text-d7828b32\"><a href=\"https:\/\/duraklarasm.com\/index.php\/2022\/02\/14\/what-you-should-know-about-your-childs-vaccine\/\">What You Should Know About Your Child&#8217;s Vaccine<\/a><\/h3>\n\n\n\n<p class=\"gb-text gb-text-429ef938\">14 \u015eubat 2022<\/p>\n<\/article>\n\n<article class=\"gb-loop-item gb-loop-item-9c40ae42 post-501 post type-post status-publish format-standard has-post-thumbnail hentry category-uncategorised generate-columns tablet-grid-50 mobile-grid-100 grid-parent grid-50\">\n<a href=\"https:\/\/duraklarasm.com\/index.php\/2022\/02\/14\/10-questions-you-should-always-ask-your-doctor\/\"><img loading=\"lazy\" decoding=\"async\" width=\"1920\" height=\"1280\" alt=\"\" data-media-id=\"507\" class=\"gb-media-bab00d73\" src=\"https:\/\/duraklarasm.com\/wp-content\/uploads\/2022\/02\/national-cancer-institute-L8tWZT4CcVQ-unsplash_1.jpg\" srcset=\"https:\/\/duraklarasm.com\/wp-content\/uploads\/2022\/02\/national-cancer-institute-L8tWZT4CcVQ-unsplash_1.jpg 1920w, https:\/\/duraklarasm.com\/wp-content\/uploads\/2022\/02\/national-cancer-institute-L8tWZT4CcVQ-unsplash_1-300x200.jpg 300w, https:\/\/duraklarasm.com\/wp-content\/uploads\/2022\/02\/national-cancer-institute-L8tWZT4CcVQ-unsplash_1-1024x683.jpg 1024w, https:\/\/duraklarasm.com\/wp-content\/uploads\/2022\/02\/national-cancer-institute-L8tWZT4CcVQ-unsplash_1-768x512.jpg 768w, https:\/\/duraklarasm.com\/wp-content\/uploads\/2022\/02\/national-cancer-institute-L8tWZT4CcVQ-unsplash_1-1536x1024.jpg 1536w\" sizes=\"auto, (max-width: 1920px) 100vw, 1920px\" \/><\/a>\n\n\n\n<h3 class=\"gb-text gb-text-d7828b32\"><a href=\"https:\/\/duraklarasm.com\/index.php\/2022\/02\/14\/10-questions-you-should-always-ask-your-doctor\/\">10 Questions You Should Always Ask Your Doctor<\/a><\/h3>\n\n\n\n<p class=\"gb-text gb-text-429ef938\">14 \u015eubat 2022<\/p>\n<\/article>\n<\/div><\/div>\n<\/section>\n\n\n\n<p><\/p>\n","protected":false},"excerpt":{"rendered":"<p>Sa\u011fl\u0131\u011f\u0131n\u0131z bizim \u00f6nceli\u011fimizdir Sa\u011fl\u0131\u011f\u0131n\u0131zla ilgili konular\u0131 doktorlar\u0131m\u0131za dan\u0131\u015f\u0131n. Hayat\u0131n\u0131z\u0131n her a\u015famas\u0131nda sizin yan\u0131n\u0131zda olmak istiyoruz. Bu s\u00fcre\u00e7te verdi\u011fimiz ba\u015fl\u0131ca hizmetler \u015funlard\u0131r: Poliklinik Muayenesi ASM\u2019 mizde &#8230; <a title=\"Ana Sayfa\" class=\"read-more\" href=\"https:\/\/duraklarasm.com\/\" aria-label=\"Read more about Ana Sayfa\">Read more<\/a><\/p>\n","protected":false},"author":1,"featured_media":0,"parent":0,"menu_order":0,"comment_status":"closed","ping_status":"open","template":"","meta":{"footnotes":""},"class_list":["post-1222","page","type-page","status-publish"],"_links":{"self":[{"href":"https:\/\/duraklarasm.com\/index.php\/wp-json\/wp\/v2\/pages\/1222","targetHints":{"allow":["GET"]}}],"collection":[{"href":"https:\/\/duraklarasm.com\/index.php\/wp-json\/wp\/v2\/pages"}],"about":[{"href":"https:\/\/duraklarasm.com\/index.php\/wp-json\/wp\/v2\/types\/page"}],"author":[{"embeddable":true,"href":"https:\/\/duraklarasm.com\/index.php\/wp-json\/wp\/v2\/users\/1"}],"replies":[{"embeddable":true,"href":"https:\/\/duraklarasm.com\/index.php\/wp-json\/wp\/v2\/comments?post=1222"}],"version-history":[{"count":4,"href":"https:\/\/duraklarasm.com\/index.php\/wp-json\/wp\/v2\/pages\/1222\/revisions"}],"predecessor-version":[{"id":1243,"href":"https:\/\/duraklarasm.com\/index.php\/wp-json\/wp\/v2\/pages\/1222\/revisions\/1243"}],"wp:attachment":[{"href":"https:\/\/duraklarasm.com\/index.php\/wp-json\/wp\/v2\/media?parent=1222"}],"curies":[{"name":"wp","href":"https:\/\/api.w.org\/{rel}","templated":true}]}}