{"id":53,"date":"2022-02-13T18:11:16","date_gmt":"2022-02-13T18:11:16","guid":{"rendered":"https:\/\/clinic.wordifysites.com\/?page_id=53"},"modified":"2026-04-17T07:30:02","modified_gmt":"2026-04-17T04:30:02","slug":"contacts","status":"publish","type":"page","link":"https:\/\/duraklarasm.com\/index.php\/contacts\/","title":{"rendered":"\u0130leti\u015fim"},"content":{"rendered":"\n<section class=\"gb-element-5d045fc7\">\n<div class=\"gb-element-b27691a1\">\n<p class=\"gb-text gb-text-dc44fc7e heading-icon-reversed\">Bizimle \u0130leti\u015fime ge\u00e7<\/p>\n\n\n\n<h2 class=\"gb-text gb-text-b68beb2a\">D\u00fczce Duraklar Aile Sa\u011fl\u0131\u011f\u0131 Merkezi<\/h2>\n\n\n\n<p class=\"gb-text gb-text-ecf2087b\">D\u00fczce Duraklar Aile Sa\u011fl\u0131\u011f\u0131 Merkezi\u2019ne ula\u015fmak art\u0131k \u00e7ok daha kolay! Sa\u011fl\u0131k hizmetlerimizle ilgili herhangi bir sorunuz, randevu talepleriniz veya ileti\u015fim i\u00e7in bize a\u015fa\u011f\u0131daki bilgilerden ula\u015fabilirsiniz:<br><\/p>\n\n\n\n<p class=\"gb-text-ff127d53\"><span class=\"gb-shape\"><svg viewBox=\"0 0 512 512\" xmlns=\"http:\/\/www.w3.org\/2000\/svg\" fill=\"CurrentColor\"><path d=\"M232.484 390.324c-3.902 3.899-3.902 10.23 0 14.137 3.91 3.902 10.239 3.902 14.137 0 3.91-3.906 3.91-10.238 0-14.137-3.898-3.91-10.226-3.91-14.137 0zm0 0\"><\/path><path d=\"M488.918 372.957l-75.922-64.559c-.351-.296-.723-.57-1.11-.816-19.917-12.68-45.491-9.871-62.19 6.824l-41.395 41.39a9.975 9.975 0 01-10.895 2.173c-46.742-19.336-85.14-48.446-114.129-86.512-22.105-29.027-30.074-52.094-31.125-55.344a9.938 9.938 0 00-.605-2.062 9.949 9.949 0 012.172-10.887l41.39-41.402c16.7-16.7 19.504-42.274 6.825-62.192-.102-.16-.207-.316-.317-.472L146.79 22.906C129.54-3.855 91.965-7.898 69.414 14.648l-8.289 8.29a.047.047 0 01-.02.019L31.512 52.551C-3.778 87.844-9.551 140.875 14.82 205.92c20.875 55.72 62.664 116.7 117.668 171.704 56.305 56.305 118.934 98.867 176.348 119.848 56.828 20.761 117.277 23.32 160.062-19.47l27.91-27.905c22.45-22.453 18.532-59.782-7.89-77.141zm-88.313-48.848l75.856 64.504c.348.297.719.57 1.105.817 16.204 10.316 18.657 32.972 5.098 46.527l-2.07 2.074-129.38-96.867 12.622-12.617c9.863-9.867 24.894-11.652 36.77-4.438zM130.082 33.895c.102.16.207.32.316.472l54.805 76.164c7.445 11.918 5.723 27.133-4.234 37.09l-12.23 12.234L81.206 31.137l2.348-2.348c13.613-13.613 36.25-11.039 46.527 5.106zm185.613 444.793c-54.734-20-114.777-60.915-169.066-115.204-53.031-53.027-93.191-111.476-113.086-164.578-14.934-39.86-24.953-95.152 12.11-132.21l21.16-21.165 87.53 128.719-14.761 14.77a29.88 29.88 0 00-6.848 31.835c3.157 12.954 17.68 39.84 32.332 59.653 21.563 29.156 60.7 69.465 124.696 95.941 11.246 4.653 24.07 2.098 32.68-6.508l14.488-14.492 129.379 96.867-11.551 11.547c-39.73 39.735-97.551 29.992-139.063 14.824zm0 0\"><\/path><path d=\"M213.719 366.45c-10.563-9.262-28.832-25.192-38.453-35.09-23.594-24.247-48.348-53.637-63.067-74.872-3.144-4.539-9.375-5.672-13.914-2.523-4.539 3.144-5.668 9.375-2.523 13.914 18.562 26.781 45.836 57.555 65.168 77.422 10.156 10.453 28.582 26.523 39.601 36.183 4.145 3.633 10.461 3.235 14.114-.925 3.64-4.149 3.226-10.47-.926-14.11zm0 0\"><\/path><\/svg><\/span><span class=\"gb-text\">Telefon: +90&nbsp;<a href=\"tel:+122 4637 3456\"><\/a><a href=\"https:\/\/www.google.com\/search?client=opera&amp;q=D%C3%BCzce+Merkez+9+No%27lu+Aile+Sa%C4%9Fl%C4%B1%C4%9F%C4%B1+Merkezi&amp;sourceid=opera&amp;ie=UTF-8&amp;oe=UTF-8#\">(0380) 553 67 28<\/a><\/span><\/p>\n\n\n\n<p class=\"gb-text-be4719ed\"><span class=\"gb-shape\"><svg viewBox=\"0 0 512 512\" xmlns=\"http:\/\/www.w3.org\/2000\/svg\"><path fill=\"CurrentColor\" d=\"M467 61H45C20.218 61 0 81.196 0 106v300c0 24.72 20.128 45 45 45h422c24.72 0 45-20.128 45-45V106c0-24.72-20.128-45-45-45zm-6.214 30L256.954 294.833 51.359 91h409.427zM30 399.788V112.069l144.479 143.24L30 399.788zM51.213 421l144.57-144.57 50.657 50.222c5.864 5.814 15.327 5.795 21.167-.046L317 277.213 460.787 421H51.213zM482 399.787L338.213 256 482 112.212v287.575z\"><\/path><\/svg><\/span><span class=\"gb-text\"><a href=\"hello@clinic.com\">hello@clinic.com<\/a><\/span><\/p>\n\n\n\n<p class=\"gb-text-a25515bb\"><span class=\"gb-shape\"><svg fill=\"CurrentColor\" viewBox=\"0 0 512 512\" xmlns=\"http:\/\/www.w3.org\/2000\/svg\"><path d=\"M256 0C156.748 0 76 80.748 76 180c0 33.534 9.289 66.26 26.869 94.652l142.885 230.257A15 15 0 00258.499 512h.119a14.997 14.997 0 0012.75-7.292L410.611 272.22C427.221 244.428 436 212.539 436 180 436 80.748 355.252 0 256 0zm128.866 256.818L258.272 468.186l-129.905-209.34C113.734 235.214 105.8 207.95 105.8 180c0-82.71 67.49-150.2 150.2-150.2S406.1 97.29 406.1 180c0 27.121-7.411 53.688-21.234 76.818z\"><\/path><path d=\"M256 90c-49.626 0-90 40.374-90 90 0 49.309 39.717 90 90 90 50.903 0 90-41.233 90-90 0-49.626-40.374-90-90-90zm0 150.2c-33.257 0-60.2-27.033-60.2-60.2 0-33.084 27.116-60.2 60.2-60.2s60.1 27.116 60.1 60.2c0 32.683-26.316 60.2-60.1 60.2z\"><\/path><\/svg><\/span><span class=\"gb-text\">Duraklar Aile Sa\u011fl\u0131\u011f\u0131 Merkezi<br>Duraklar K\u00f6y\u00fc\/D\u00dcZCE<\/span><\/p>\n\n\n\n<div class=\"gb-element-9d292da3\"><\/div>\n<\/div>\n\n\n\n<div class=\"gb-element-f1de8ba2\">\n<figure class=\"wp-block-image size-full\"><img loading=\"lazy\" decoding=\"async\" width=\"788\" height=\"654\" src=\"https:\/\/duraklarasm.com\/wp-content\/uploads\/2026\/04\/gorsel_2026-04-17_072451962.png\" alt=\"\" class=\"wp-image-1235\" srcset=\"https:\/\/duraklarasm.com\/wp-content\/uploads\/2026\/04\/gorsel_2026-04-17_072451962.png 788w, https:\/\/duraklarasm.com\/wp-content\/uploads\/2026\/04\/gorsel_2026-04-17_072451962-300x249.png 300w, https:\/\/duraklarasm.com\/wp-content\/uploads\/2026\/04\/gorsel_2026-04-17_072451962-768x637.png 768w\" sizes=\"auto, (max-width: 788px) 100vw, 788px\" \/><\/figure>\n<\/div>\n<\/section>\n\n\n\n<section class=\"gb-element-84104ee0\"><div class=\"gb-container gb-container-c91a5eab\">\n\n<h2 class=\"gb-text gb-text-82f7ba21\">Di\u011fer \u00d6nemli \u0130leti\u015fim Bilgileri<\/h2>\n\n\n\n<h2 class=\"gb-text-ec823f9d\"><span class=\"gb-shape\"><svg viewBox=\"0 0 36.7 3\" xmlns=\"http:\/\/www.w3.org\/2000\/svg\"><path d=\"M0 0h36.7v3H0z\"><\/path><\/svg><\/span><\/h2>\n\n\n\n<p class=\"has-text-align-center has-contrast-4-color has-text-color\">Ba\u011fl\u0131 oldu\u011fumuz kurumlar\u0131n ileti\u015fim bilgileri<\/p>\n\n\n\n<div class=\"gb-element-31c28916\">\n<p><strong>D\u00fczce \u0130l Sa\u011fl\u0131k M\u00fcd\u00fcrl\u00fc\u011f\u00fc&nbsp;<\/strong><\/p>\n\n\n\n<p>Adres: Camikebir Mah. \u0130stanbul Cad. D Blok No:45 Valilik Binas\u0131 &nbsp;Kat:2&nbsp;<\/p>\n\n\n\n<p>Telefon:<\/p>\n\n\n\n<p><a>(0380) 523 92 72&nbsp;<\/a><\/p>\n\n\n\n<p>(0380) 523 87 23<\/p>\n\n\n\n<p>(0380) 512 31 05<\/p>\n\n\n\n<p>Faks: (0380) 514 61 08<\/p>\n\n\n\n<p>E-posta: duzce@saglik.gov.tr<\/p>\n\n\n\n<p>KEP adresi: duzceilsaglik@hs01.kep.tr<\/p>\n\n\n\n<p><\/p>\n\n\n\n<p><strong>D\u00fczce Halk Sa\u011fl\u0131\u011f\u0131 Ba\u015fkanl\u0131\u011f\u0131<\/strong><\/p>\n\n\n\n<p>&nbsp;Aziziye, Eski Tekavil Yolu No:4, 81010 D\u00fczce Merkez\/D\u00fczce<\/p>\n\n\n\n<p>Telefon: (0380) 514 80 00<\/p>\n<\/div>\n\n<\/div><\/section>\n","protected":false},"excerpt":{"rendered":"<p>Bizimle \u0130leti\u015fime ge\u00e7 D\u00fczce Duraklar Aile Sa\u011fl\u0131\u011f\u0131 Merkezi D\u00fczce Duraklar Aile Sa\u011fl\u0131\u011f\u0131 Merkezi\u2019ne ula\u015fmak art\u0131k \u00e7ok daha kolay! Sa\u011fl\u0131k hizmetlerimizle ilgili herhangi bir sorunuz, randevu &#8230; <a title=\"\u0130leti\u015fim\" class=\"read-more\" href=\"https:\/\/duraklarasm.com\/index.php\/contacts\/\" aria-label=\"Read more about \u0130leti\u015fim\">Read more<\/a><\/p>\n","protected":false},"author":1,"featured_media":0,"parent":0,"menu_order":0,"comment_status":"closed","ping_status":"closed","template":"","meta":{"footnotes":""},"class_list":["post-53","page","type-page","status-publish"],"_links":{"self":[{"href":"https:\/\/duraklarasm.com\/index.php\/wp-json\/wp\/v2\/pages\/53","targetHints":{"allow":["GET"]}}],"collection":[{"href":"https:\/\/duraklarasm.com\/index.php\/wp-json\/wp\/v2\/pages"}],"about":[{"href":"https:\/\/duraklarasm.com\/index.php\/wp-json\/wp\/v2\/types\/page"}],"author":[{"embeddable":true,"href":"https:\/\/duraklarasm.com\/index.php\/wp-json\/wp\/v2\/users\/1"}],"replies":[{"embeddable":true,"href":"https:\/\/duraklarasm.com\/index.php\/wp-json\/wp\/v2\/comments?post=53"}],"version-history":[{"count":3,"href":"https:\/\/duraklarasm.com\/index.php\/wp-json\/wp\/v2\/pages\/53\/revisions"}],"predecessor-version":[{"id":1237,"href":"https:\/\/duraklarasm.com\/index.php\/wp-json\/wp\/v2\/pages\/53\/revisions\/1237"}],"wp:attachment":[{"href":"https:\/\/duraklarasm.com\/index.php\/wp-json\/wp\/v2\/media?parent=53"}],"curies":[{"name":"wp","href":"https:\/\/api.w.org\/{rel}","templated":true}]}}